{"id":12224,"date":"2025-05-29T19:17:23","date_gmt":"2025-05-29T22:17:23","guid":{"rendered":"https:\/\/saomigueldoscampos.al.leg.br\/?page_id=12224"},"modified":"2025-05-29T19:18:08","modified_gmt":"2025-05-29T22:18:08","slug":"educacao-saude-e-assistencia-social","status":"publish","type":"page","link":"https:\/\/saomigueldoscampos.al.leg.br\/?page_id=12224","title":{"rendered":"Educa\u00e7\u00e3o, sa\u00fade e assist\u00eancia social"},"content":{"rendered":"<div class=\"wp-block-image\">\n<figure class=\"aligncenter size-full is-resized\"><img data-recalc-dims=\"1\" fetchpriority=\"high\" decoding=\"async\" width=\"225\" height=\"300\" data-attachment-id=\"12226\" data-permalink=\"https:\/\/saomigueldoscampos.al.leg.br\/?attachment_id=12226\" data-orig-file=\"https:\/\/i0.wp.com\/saomigueldoscampos.al.leg.br\/wp-content\/uploads\/2025\/05\/JO-ACAI.webp?fit=225%2C300&amp;ssl=1\" data-orig-size=\"225,300\" data-comments-opened=\"1\" data-image-meta=\"{&quot;aperture&quot;:&quot;0&quot;,&quot;credit&quot;:&quot;&quot;,&quot;camera&quot;:&quot;&quot;,&quot;caption&quot;:&quot;&quot;,&quot;created_timestamp&quot;:&quot;0&quot;,&quot;copyright&quot;:&quot;&quot;,&quot;focal_length&quot;:&quot;0&quot;,&quot;iso&quot;:&quot;0&quot;,&quot;shutter_speed&quot;:&quot;0&quot;,&quot;title&quot;:&quot;&quot;,&quot;orientation&quot;:&quot;0&quot;}\" data-image-title=\"JO A\u00c7AI\" data-image-description=\"\" data-image-caption=\"\" data-large-file=\"https:\/\/i0.wp.com\/saomigueldoscampos.al.leg.br\/wp-content\/uploads\/2025\/05\/JO-ACAI.webp?fit=225%2C300&amp;ssl=1\" src=\"https:\/\/i0.wp.com\/saomigueldoscampos.al.leg.br\/wp-content\/uploads\/2025\/05\/JO-ACAI.webp?resize=225%2C300&#038;ssl=1\" alt=\"\" class=\"wp-image-12226\" style=\"width:263px;height:auto\" srcset=\"https:\/\/i0.wp.com\/saomigueldoscampos.al.leg.br\/wp-content\/uploads\/2025\/05\/JO-ACAI.webp?w=225&amp;ssl=1 225w, https:\/\/i0.wp.com\/saomigueldoscampos.al.leg.br\/wp-content\/uploads\/2025\/05\/JO-ACAI.webp?resize=150%2C200&amp;ssl=1 150w\" sizes=\"(max-width: 225px) 100vw, 225px\" \/><\/figure>\n<\/div>\n\n\n<p class=\"has-text-align-center wp-block-paragraph\"><strong>PRESIDENTE &#8211; Joseph Robert Santos Martiniano<\/strong><\/p>\n\n\n\n<hr class=\"wp-block-separator has-text-color has-highlight-color has-alpha-channel-opacity has-highlight-background-color has-background is-style-wide\"\/>\n\n\n<div class=\"wp-block-image\">\n<figure class=\"aligncenter size-full is-resized\"><img data-recalc-dims=\"1\" decoding=\"async\" width=\"225\" height=\"300\" data-attachment-id=\"12229\" data-permalink=\"https:\/\/saomigueldoscampos.al.leg.br\/?attachment_id=12229\" data-orig-file=\"https:\/\/i0.wp.com\/saomigueldoscampos.al.leg.br\/wp-content\/uploads\/2025\/05\/GISELDA.webp?fit=225%2C300&amp;ssl=1\" data-orig-size=\"225,300\" data-comments-opened=\"1\" data-image-meta=\"{&quot;aperture&quot;:&quot;0&quot;,&quot;credit&quot;:&quot;&quot;,&quot;camera&quot;:&quot;&quot;,&quot;caption&quot;:&quot;&quot;,&quot;created_timestamp&quot;:&quot;0&quot;,&quot;copyright&quot;:&quot;&quot;,&quot;focal_length&quot;:&quot;0&quot;,&quot;iso&quot;:&quot;0&quot;,&quot;shutter_speed&quot;:&quot;0&quot;,&quot;title&quot;:&quot;&quot;,&quot;orientation&quot;:&quot;0&quot;}\" data-image-title=\"GISELDA\" data-image-description=\"\" data-image-caption=\"\" data-large-file=\"https:\/\/i0.wp.com\/saomigueldoscampos.al.leg.br\/wp-content\/uploads\/2025\/05\/GISELDA.webp?fit=225%2C300&amp;ssl=1\" src=\"https:\/\/i0.wp.com\/saomigueldoscampos.al.leg.br\/wp-content\/uploads\/2025\/05\/GISELDA.webp?resize=225%2C300&#038;ssl=1\" alt=\"\" class=\"wp-image-12229\" style=\"width:263px;height:auto\"\/><\/figure>\n<\/div>\n\n\n<p class=\"has-text-align-center wp-block-paragraph\"><strong>RELATOR &#8211; Giselda Rodrigues Cavalcante<\/strong><\/p>\n\n\n\n<hr class=\"wp-block-separator has-text-color has-highlight-color has-alpha-channel-opacity has-highlight-background-color has-background is-style-wide\"\/>\n\n\n<div class=\"wp-block-image\">\n<figure class=\"aligncenter size-full is-resized\"><img data-recalc-dims=\"1\" decoding=\"async\" width=\"225\" height=\"300\" data-attachment-id=\"12231\" data-permalink=\"https:\/\/saomigueldoscampos.al.leg.br\/?attachment_id=12231\" data-orig-file=\"https:\/\/i0.wp.com\/saomigueldoscampos.al.leg.br\/wp-content\/uploads\/2025\/05\/ADRIANA.webp?fit=225%2C300&amp;ssl=1\" data-orig-size=\"225,300\" data-comments-opened=\"1\" data-image-meta=\"{&quot;aperture&quot;:&quot;0&quot;,&quot;credit&quot;:&quot;&quot;,&quot;camera&quot;:&quot;&quot;,&quot;caption&quot;:&quot;&quot;,&quot;created_timestamp&quot;:&quot;0&quot;,&quot;copyright&quot;:&quot;&quot;,&quot;focal_length&quot;:&quot;0&quot;,&quot;iso&quot;:&quot;0&quot;,&quot;shutter_speed&quot;:&quot;0&quot;,&quot;title&quot;:&quot;&quot;,&quot;orientation&quot;:&quot;0&quot;}\" data-image-title=\"ADRIANA\" data-image-description=\"\" data-image-caption=\"\" data-large-file=\"https:\/\/i0.wp.com\/saomigueldoscampos.al.leg.br\/wp-content\/uploads\/2025\/05\/ADRIANA.webp?fit=225%2C300&amp;ssl=1\" src=\"https:\/\/i0.wp.com\/saomigueldoscampos.al.leg.br\/wp-content\/uploads\/2025\/05\/ADRIANA.webp?resize=225%2C300&#038;ssl=1\" alt=\"\" class=\"wp-image-12231\" style=\"width:263px;height:auto\"\/><\/figure>\n<\/div>\n\n\n<p class=\"has-text-align-center wp-block-paragraph\"><strong>MEMBRO &#8211; Adriana de Carvalho Silva de Omena<\/strong><\/p>\n\n\n\n<hr class=\"wp-block-separator has-text-color has-highlight-color has-alpha-channel-opacity has-highlight-background-color has-background is-style-wide\"\/>\n","protected":false},"excerpt":{"rendered":"<p>PRESIDENTE &#8211; Joseph Robert Santos Martiniano RELATOR &#8211; Giselda Rodrigues Cavalcante MEMBRO &#8211; Adriana de Carvalho Silva de Omena<\/p><\/div>\n<div class=\"read-more\"><a href=\"https:\/\/saomigueldoscampos.al.leg.br\/?page_id=12224\" class=\"more-link\">Continue lendo<\/a><\/p>\n","protected":false},"author":198752734,"featured_media":0,"parent":0,"menu_order":0,"comment_status":"closed","ping_status":"closed","template":"","meta":{"_coblocks_attr":"","_coblocks_dimensions":"","_coblocks_responsive_height":"","_coblocks_accordion_ie_support":"","_crdt_document":"","advanced_seo_description":"","jetpack_seo_html_title":"","jetpack_seo_noindex":false,"footnotes":""},"class_list":["post-12224","page","type-page","status-publish","hentry","comments-off"],"jetpack_likes_enabled":true,"jetpack_sharing_enabled":true,"jetpack_shortlink":"https:\/\/wp.me\/PcFo3q-3ba","rttpg_featured_image_url":null,"rttpg_author":{"display_name":"Ncorreiaf","author_link":"https:\/\/saomigueldoscampos.al.leg.br\/?author=198752734"},"rttpg_comment":0,"rttpg_category":null,"rttpg_excerpt":"PRESIDENTE &#8211; Joseph Robert Santos Martiniano RELATOR &#8211; Giselda Rodrigues Cavalcante MEMBRO &#8211; Adriana de Carvalho Silva de OmenaContinue lendo","_links":{"self":[{"href":"https:\/\/saomigueldoscampos.al.leg.br\/index.php?rest_route=\/wp\/v2\/pages\/12224","targetHints":{"allow":["GET"]}}],"collection":[{"href":"https:\/\/saomigueldoscampos.al.leg.br\/index.php?rest_route=\/wp\/v2\/pages"}],"about":[{"href":"https:\/\/saomigueldoscampos.al.leg.br\/index.php?rest_route=\/wp\/v2\/types\/page"}],"author":[{"embeddable":true,"href":"https:\/\/saomigueldoscampos.al.leg.br\/index.php?rest_route=\/wp\/v2\/users\/198752734"}],"replies":[{"embeddable":true,"href":"https:\/\/saomigueldoscampos.al.leg.br\/index.php?rest_route=%2Fwp%2Fv2%2Fcomments&post=12224"}],"version-history":[{"count":6,"href":"https:\/\/saomigueldoscampos.al.leg.br\/index.php?rest_route=\/wp\/v2\/pages\/12224\/revisions"}],"predecessor-version":[{"id":12233,"href":"https:\/\/saomigueldoscampos.al.leg.br\/index.php?rest_route=\/wp\/v2\/pages\/12224\/revisions\/12233"}],"wp:attachment":[{"href":"https:\/\/saomigueldoscampos.al.leg.br\/index.php?rest_route=%2Fwp%2Fv2%2Fmedia&parent=12224"}],"curies":[{"name":"wp","href":"https:\/\/api.w.org\/{rel}","templated":true}]}}